{"id":103,"date":"2020-03-16T08:40:41","date_gmt":"2020-03-16T08:40:41","guid":{"rendered":"http:\/\/geringeneer.de\/?page_id=103"},"modified":"2020-05-13T18:21:49","modified_gmt":"2020-05-13T17:21:49","slug":"effektivwert-ab-1hz","status":"publish","type":"page","link":"http:\/\/geringeneer.de\/?page_id=103","title":{"rendered":"Effektivwert ab 1Hz"},"content":{"rendered":"\n<p><\/p>\n\n\n\n<h2 class=\"wp-block-heading\">TrueRMS zu DC Konverter ab 1Hz<\/h2>\n\n\n\n<p>Dieser TrueRMS zu DC Konverter wandelt eine (fast) beliebige Wellenform in eine dem Effektivwert entsprechende Gleichspannung um. Die Besonderheit ist daran, dass die untere Grenzfrequenz bei nur etwa 1Hz liegt. Damit werden Experimente z.B. in der Schule mit per Hand erzeugter Rechteckspannung (PWM) m\u00f6glich.<\/p>\n\n\n\n<figure class=\"wp-block-image size-large\"><img loading=\"lazy\" decoding=\"async\" width=\"1024\" height=\"731\" src=\"http:\/\/geringeneer.de\/wp-content\/uploads\/2020\/03\/4DE83FC2-4E1B-4BB1-9F5C-31C90C18CAC3-1024x731.jpeg\" alt=\"\" class=\"wp-image-102\" srcset=\"http:\/\/geringeneer.de\/wp-content\/uploads\/2020\/03\/4DE83FC2-4E1B-4BB1-9F5C-31C90C18CAC3-1024x731.jpeg 1024w, http:\/\/geringeneer.de\/wp-content\/uploads\/2020\/03\/4DE83FC2-4E1B-4BB1-9F5C-31C90C18CAC3-300x214.jpeg 300w, http:\/\/geringeneer.de\/wp-content\/uploads\/2020\/03\/4DE83FC2-4E1B-4BB1-9F5C-31C90C18CAC3-768x548.jpeg 768w, http:\/\/geringeneer.de\/wp-content\/uploads\/2020\/03\/4DE83FC2-4E1B-4BB1-9F5C-31C90C18CAC3.jpeg 1511w\" sizes=\"auto, (max-width: 1024px) 100vw, 1024px\" \/><\/figure>\n\n\n\n<p>Zentraler Baustein ist der <a rel=\"noreferrer noopener\" aria-label=\"LT1967 (\u00f6ffnet in neuem Tab)\" href=\"https:\/\/www.analog.com\/media\/en\/technical-documentation\/data-sheets\/1967f.pdf\" target=\"_blank\">LTC1967<\/a>, dem lediglich ein Filter nachgeschaltet werden muss. Das Filter entscheidet \u00fcber die untere Grenzfrequenz und ist in dieser Schaltung auf etwa 1Hz ausgelegt. <\/p>\n\n\n\n<p>Die Ausgangsspannung wird vor dem Ausgang \u00fcber ein LM1875 Verst\u00e4rker-IC verst\u00e4rkt, so dass ein maximaler Ausgangsstrom von 4A m\u00f6glich ist. Der messbare Spannungsbereich liegt bei 24Vpp.<\/p>\n\n\n\n<p>Die Schaltung basiert auf dem Datenblatt des LTC1967 und wurde im wesentlichen durch den Leistungsverst\u00e4rker erg\u00e4nzt. Nachstehend kann der Schaltplan und das Layout im EAGLE-Format sowie eine Simulation des LTC1967 im LTSPICE Format heruntergeladen werden.<\/p>\n\n\n\n<div class=\"wp-block-file\"><a href=\"http:\/\/geringeneer.de\/wp-content\/uploads\/2020\/03\/RMStoDC_EAGLE.zip\">EAGLE Schaltplan und Layout: RMStoDC_EAGLE<\/a><a href=\"http:\/\/geringeneer.de\/wp-content\/uploads\/2020\/03\/RMStoDC_EAGLE.zip\" class=\"wp-block-file__button\" download>Herunterladen<\/a><\/div>\n\n\n\n<div class=\"wp-block-file\"><a href=\"http:\/\/geringeneer.de\/wp-content\/uploads\/2020\/03\/LTC1967.asc\">LTSPICE Simulation: LTC1967<\/a><a href=\"http:\/\/geringeneer.de\/wp-content\/uploads\/2020\/03\/LTC1967.asc\" class=\"wp-block-file__button\" download>Herunterladen<\/a><\/div>\n\n\n\n<p>Zu beachten ist, dass die Schaltung nicht mit dem Anspruch gr\u00f6\u00dftm\u00f6glicher Messgenauigkeit entwickelt wurde und dahingehend ggf. angepasst werden muss. F\u00fcr die schulische Experimente sollte die Genauigkeit aber ausreichen.<\/p>\n\n\n\n<p>Meine bevorzugte Alternative zu dem beschriebenen Experiment m\u00f6chte ich aber auch noch aufzeigen: Zwei identische Widerst\u00e4nde werden mit Hilfe einer Infrarotkamera auf ihre Temperatur hin \u00fcberwacht. Der eine Widerstand wird durch eine beliebige Wellenform erw\u00e4rmt wobei der andere durch eine Gleichspannung erw\u00e4rmt wird. Sobald man durch Anpassung der Gleichspannung die gleiche Temperatur an beiden Widerst\u00e4nden eingestellt hat, kann man den Effektivwert der Wellenform in Form der H\u00f6he der Gleichspannung ablesen.<\/p>\n\n\n\n<figure class=\"wp-block-image size-large\"><img loading=\"lazy\" decoding=\"async\" width=\"1024\" height=\"491\" src=\"http:\/\/geringeneer.de\/wp-content\/uploads\/2020\/03\/1A031FA7-9F60-42B7-8677-BA762C8A9F8D-1024x491.jpeg\" alt=\"\" class=\"wp-image-116\" srcset=\"http:\/\/geringeneer.de\/wp-content\/uploads\/2020\/03\/1A031FA7-9F60-42B7-8677-BA762C8A9F8D-1024x491.jpeg 1024w, http:\/\/geringeneer.de\/wp-content\/uploads\/2020\/03\/1A031FA7-9F60-42B7-8677-BA762C8A9F8D-300x144.jpeg 300w, http:\/\/geringeneer.de\/wp-content\/uploads\/2020\/03\/1A031FA7-9F60-42B7-8677-BA762C8A9F8D-768x368.jpeg 768w, http:\/\/geringeneer.de\/wp-content\/uploads\/2020\/03\/1A031FA7-9F60-42B7-8677-BA762C8A9F8D-1536x737.jpeg 1536w, http:\/\/geringeneer.de\/wp-content\/uploads\/2020\/03\/1A031FA7-9F60-42B7-8677-BA762C8A9F8D-2048x982.jpeg 2048w\" sizes=\"auto, (max-width: 1024px) 100vw, 1024px\" \/><figcaption>Beispiel eines Aufbaus zur Bestimmung des Effektivwertes per Temperatur<\/figcaption><\/figure>\n\n\n\n<figure class=\"wp-block-image size-large\"><img loading=\"lazy\" decoding=\"async\" width=\"457\" height=\"209\" src=\"http:\/\/geringeneer.de\/wp-content\/uploads\/2020\/03\/2D85742A-A3AA-4A12-B9B2-BCF81B0701B4.jpeg\" alt=\"\" class=\"wp-image-155\" srcset=\"http:\/\/geringeneer.de\/wp-content\/uploads\/2020\/03\/2D85742A-A3AA-4A12-B9B2-BCF81B0701B4.jpeg 457w, http:\/\/geringeneer.de\/wp-content\/uploads\/2020\/03\/2D85742A-A3AA-4A12-B9B2-BCF81B0701B4-300x137.jpeg 300w\" sizes=\"auto, (max-width: 457px) 100vw, 457px\" \/><figcaption>Infrarotbild (Ausschnitt) eines Widerstandes aufgenommen mit FLIR ONE \u00fcber iPhone<\/figcaption><\/figure>\n\n\n\n<p>Was der Effektivwert eigentlich ist, wird anhand des Infrarotkamera-Experiments in dem folgenden Video erkl\u00e4rt:<\/p>\n\n\n\n<figure class=\"wp-block-embed-youtube wp-block-embed is-type-video is-provider-youtube wp-embed-aspect-16-9 wp-has-aspect-ratio\"><div class=\"wp-block-embed__wrapper\">\n<iframe loading=\"lazy\" title=\"Effektivwert \/ Effektivspannung - Erkl\u00e4rung, Berechnung  und Experiment mit Infrarotkamera\" width=\"780\" height=\"439\" src=\"https:\/\/www.youtube.com\/embed\/9flad3vJd0I?feature=oembed\" frameborder=\"0\" allow=\"accelerometer; autoplay; encrypted-media; gyroscope; picture-in-picture\" allowfullscreen><\/iframe>\n<\/div><\/figure>\n","protected":false},"excerpt":{"rendered":"<p>TrueRMS zu DC Konverter ab 1Hz Dieser TrueRMS zu DC Konverter wandelt eine (fast) beliebige Wellenform in eine dem Effektivwert entsprechende Gleichspannung um. Die Besonderheit ist daran, dass die untere Grenzfrequenz bei nur etwa 1Hz liegt. Damit werden Experimente z.B. in der Schule mit per Hand erzeugter Rechteckspannung (PWM) m\u00f6glich. Zentraler Baustein ist der LTC1967, <a class=\"more-link\" href=\"http:\/\/geringeneer.de\/?page_id=103\">Weiterlesen&#8230;<\/a><\/p>\n","protected":false},"author":1,"featured_media":0,"parent":80,"menu_order":0,"comment_status":"open","ping_status":"closed","template":"","meta":{"footnotes":""},"class_list":["post-103","page","type-page","status-publish","hentry"],"_links":{"self":[{"href":"http:\/\/geringeneer.de\/index.php?rest_route=\/wp\/v2\/pages\/103","targetHints":{"allow":["GET"]}}],"collection":[{"href":"http:\/\/geringeneer.de\/index.php?rest_route=\/wp\/v2\/pages"}],"about":[{"href":"http:\/\/geringeneer.de\/index.php?rest_route=\/wp\/v2\/types\/page"}],"author":[{"embeddable":true,"href":"http:\/\/geringeneer.de\/index.php?rest_route=\/wp\/v2\/users\/1"}],"replies":[{"embeddable":true,"href":"http:\/\/geringeneer.de\/index.php?rest_route=%2Fwp%2Fv2%2Fcomments&post=103"}],"version-history":[{"count":6,"href":"http:\/\/geringeneer.de\/index.php?rest_route=\/wp\/v2\/pages\/103\/revisions"}],"predecessor-version":[{"id":248,"href":"http:\/\/geringeneer.de\/index.php?rest_route=\/wp\/v2\/pages\/103\/revisions\/248"}],"up":[{"embeddable":true,"href":"http:\/\/geringeneer.de\/index.php?rest_route=\/wp\/v2\/pages\/80"}],"wp:attachment":[{"href":"http:\/\/geringeneer.de\/index.php?rest_route=%2Fwp%2Fv2%2Fmedia&parent=103"}],"curies":[{"name":"wp","href":"https:\/\/api.w.org\/{rel}","templated":true}]}}