{"id":108,"date":"2020-03-17T14:12:00","date_gmt":"2020-03-17T14:12:00","guid":{"rendered":"http:\/\/geringeneer.de\/?page_id=108"},"modified":"2020-03-29T15:56:13","modified_gmt":"2020-03-29T14:56:13","slug":"teslameter-fuer-red-pitaya","status":"publish","type":"page","link":"http:\/\/geringeneer.de\/?page_id=108","title":{"rendered":"Teslameter f\u00fcr Red Pitaya"},"content":{"rendered":"\n<p>Red Pitaya ist ein kleines, digitales und sehr vielseitig einsetzbares 2-Kanal Oszilloskop mit Funktionsgenerator und vielen Erweiterungsm\u00f6glichkeiten. Zur Bedienung braucht man lediglich ein beliebiges Ger\u00e4t mit Browser wie einen PC oder ein iPad. Statt mit einer Software oder App l\u00e4uft die Steuerung n\u00e4mlich \u00fcber eine auf dem Ger\u00e4t gehostete Webseite. Die daf\u00fcr notwendige Netzwerkverbindung wird \u00fcber WLAN oder Ethernet hergestellt. <\/p>\n\n\n\n<figure class=\"wp-block-image size-large\"><img loading=\"lazy\" decoding=\"async\" width=\"1024\" height=\"579\" src=\"http:\/\/geringeneer.de\/wp-content\/uploads\/2020\/03\/168F5001-88B6-452D-8613-A4317940F599-1024x579.jpeg\" alt=\"\" class=\"wp-image-133\" srcset=\"http:\/\/geringeneer.de\/wp-content\/uploads\/2020\/03\/168F5001-88B6-452D-8613-A4317940F599-1024x579.jpeg 1024w, http:\/\/geringeneer.de\/wp-content\/uploads\/2020\/03\/168F5001-88B6-452D-8613-A4317940F599-300x170.jpeg 300w, http:\/\/geringeneer.de\/wp-content\/uploads\/2020\/03\/168F5001-88B6-452D-8613-A4317940F599-768x434.jpeg 768w, http:\/\/geringeneer.de\/wp-content\/uploads\/2020\/03\/168F5001-88B6-452D-8613-A4317940F599-1536x869.jpeg 1536w, http:\/\/geringeneer.de\/wp-content\/uploads\/2020\/03\/168F5001-88B6-452D-8613-A4317940F599-350x197.jpeg 350w, http:\/\/geringeneer.de\/wp-content\/uploads\/2020\/03\/168F5001-88B6-452D-8613-A4317940F599.jpeg 1938w\" sizes=\"auto, (max-width: 1024px) 100vw, 1024px\" \/><figcaption>Red Pitaya STEM 125-10 v1.0<\/figcaption><\/figure>\n\n\n\n<p>Hardware Erweiterungen lassen sich einfach auf das Red Pitaya stecken.  Eine dieser Erweiterungen ist das Teslameter, welches <a rel=\"noreferrer noopener\" href=\"https:\/\/www.redpitaya.com\/n54\/emc-measurements-teslameter-project\" target=\"_blank\">hier<\/a> beschrieben ist. Das Teslameter eignet sich hervorragend um Ger\u00e4te auf ihre EMV Emissionen hin zu untersuchen, St\u00f6rquellen zu orten oder Versuche zu schulischen Zwecken zum Thema EMV durchzuf\u00fchren.<\/p>\n\n\n\n<p>Die auf der verlinkten Seite beschriebene Schaltung war allerdings nicht ohne \u00c4nderungen funktionsf\u00e4hig. Der Grund ist der Eingesetzte Operationsverst\u00e4rker, der eine hohe Offsetspannung besitzt. Der Ausgang geht dementsprechend in die S\u00e4ttigung, nimmt also entweder die positive oder negative Versorgungsspannung ein. Um das zu verhindern ist in der Schaltung zwar ein Abgleich vorgesehen, der funktionierte in meinem Aufbau aber schlecht und schon nach wenigen Sekunden lief das ganze wieder aus dem Ruder. <\/p>\n\n\n\n<p>Ich habe die Schaltung daher etwas angepasst, so dass sie ohne jeden Abgleich funktioniert. Au\u00dferdem habe ich ein Layout entwickelt, welches das direkte Aufstecken auf den Red Pitaya erm\u00f6glicht.<\/p>\n\n\n\n<figure class=\"wp-block-image size-large\"><img loading=\"lazy\" decoding=\"async\" width=\"1024\" height=\"465\" src=\"http:\/\/geringeneer.de\/wp-content\/uploads\/2020\/03\/EE4B1F83-FEB5-4F18-A500-91E974107D6B-1024x465.jpeg\" alt=\"\" class=\"wp-image-134\" srcset=\"http:\/\/geringeneer.de\/wp-content\/uploads\/2020\/03\/EE4B1F83-FEB5-4F18-A500-91E974107D6B-1024x465.jpeg 1024w, http:\/\/geringeneer.de\/wp-content\/uploads\/2020\/03\/EE4B1F83-FEB5-4F18-A500-91E974107D6B-300x136.jpeg 300w, http:\/\/geringeneer.de\/wp-content\/uploads\/2020\/03\/EE4B1F83-FEB5-4F18-A500-91E974107D6B-768x349.jpeg 768w, http:\/\/geringeneer.de\/wp-content\/uploads\/2020\/03\/EE4B1F83-FEB5-4F18-A500-91E974107D6B-1536x698.jpeg 1536w, http:\/\/geringeneer.de\/wp-content\/uploads\/2020\/03\/EE4B1F83-FEB5-4F18-A500-91E974107D6B-2048x931.jpeg 2048w\" sizes=\"auto, (max-width: 1024px) 100vw, 1024px\" \/><figcaption>Red Pitaya mit aufgestecktem Teslameter<\/figcaption><\/figure>\n\n\n\n<p>Offsetprobleme lassen sich generell leicht durch den Einsatz eines OPAMPs mit ausreichend geringer Offsetspannung l\u00f6sen. So wurde der im Bauvorschlag verwendete LM358 durch den OPA2277 ersetzt. Alle Filter- und Verst\u00e4rkungsparameter sind gleich geblieben. Eine Offsetkompensation ist nicht mehr erforderlich und wurde entfernt.<\/p>\n\n\n\n<p>Bei der Auswahl der 26pol Buchsenleisten ist auf eine ausreichende H\u00f6he zu achten, da sonst die L\u00f6tstellen auf dem Red Pitaya K\u00fchlk\u00f6rper aufliegen und Kurzschl\u00fcsse verursachen. F\u00fcr den Betrieb mit einem L\u00fcfter m\u00fcssen die Buchsenleisten nochmals erh\u00f6ht werden. Sollte das Board einmal falsch herum aufgesteckt werden, wird das Board einfach nicht mit Spannung versorgt, es kann aber nichts kaputt gehen.<\/p>\n\n\n\n<p>Der Schaltplan und das Layout kann nachstehend heruntergeladen werden. F\u00fcr die Bearbeitung reicht die kostenlose EAGLE Version, aufgrund der kleinen Platine. F\u00fcr die direkte Bestellung der Platine z.B. bei JLCPCB.com, stelle ich auch die Gerber-Daten bereit (CAMOutputs).<\/p>\n\n\n\n<div class=\"wp-block-file\"><a href=\"http:\/\/geringeneer.de\/wp-content\/uploads\/2020\/03\/Teslameter_EAGLE.zip\">EAGLE Schaltplan und Layout: Teslameter_EAGLE<\/a><a href=\"http:\/\/geringeneer.de\/wp-content\/uploads\/2020\/03\/Teslameter_EAGLE.zip\" class=\"wp-block-file__button\" download>Herunterladen<\/a><\/div>\n\n\n\n<div class=\"wp-block-file\"><a href=\"http:\/\/geringeneer.de\/wp-content\/uploads\/2020\/03\/Teslameter_CAMOutputs.zip\">F\u00fcr die PCB Herstellung: Teslameter_CAMOutputs<\/a><a href=\"http:\/\/geringeneer.de\/wp-content\/uploads\/2020\/03\/Teslameter_CAMOutputs.zip\" class=\"wp-block-file__button\" download>Herunterladen<\/a><\/div>\n\n\n\n<p>Die Herstellung der Spule ist in dem oben verlinkten Dokument beschrieben. Den Spulenk\u00f6rper habe ich aus drei runden Plexiglasplatten hergestellt, die ich mit entsprechendem Kleber aufeinander geklebt habe. Die mittlere Scheibe hat dabei einen etwas kleineren Durchmesser um den Draht aufzunehmen. Solche Scheiben k\u00f6nnen beispielsweise <a href=\"https:\/\/expresszuschnitt.de\/\" target=\"_blank\" rel=\"noreferrer noopener\" aria-label=\" (\u00f6ffnet in neuem Tab)\">hier<\/a> bestellt werden.<\/p>\n\n\n\n<figure class=\"wp-block-image size-large\"><img loading=\"lazy\" decoding=\"async\" width=\"1024\" height=\"600\" src=\"http:\/\/geringeneer.de\/wp-content\/uploads\/2020\/03\/0D5936E7-4DDC-42FB-90EA-3560B461FA92-1024x600.jpeg\" alt=\"\" class=\"wp-image-145\" srcset=\"http:\/\/geringeneer.de\/wp-content\/uploads\/2020\/03\/0D5936E7-4DDC-42FB-90EA-3560B461FA92-1024x600.jpeg 1024w, http:\/\/geringeneer.de\/wp-content\/uploads\/2020\/03\/0D5936E7-4DDC-42FB-90EA-3560B461FA92-300x176.jpeg 300w, http:\/\/geringeneer.de\/wp-content\/uploads\/2020\/03\/0D5936E7-4DDC-42FB-90EA-3560B461FA92-768x450.jpeg 768w, http:\/\/geringeneer.de\/wp-content\/uploads\/2020\/03\/0D5936E7-4DDC-42FB-90EA-3560B461FA92-1536x900.jpeg 1536w, http:\/\/geringeneer.de\/wp-content\/uploads\/2020\/03\/0D5936E7-4DDC-42FB-90EA-3560B461FA92-2048x1200.jpeg 2048w\" sizes=\"auto, (max-width: 1024px) 100vw, 1024px\" \/><figcaption>Spule mit Halterung und Platine zum Aufstecken des Red Pitayas<\/figcaption><\/figure>\n\n\n\n<p>Da ich den Red Pitaya auch f\u00fcr viele andere Dinge einsetze, habe ich eine Halterung entworfen, bei der die Teslameter-Platine \u00fcber Kopf montiert wird. So kann der RP leicht an- und wieder abgenommen werden. Die Datei f\u00fcr den 3D Druck stelle ich ebenfalls bereit:<\/p>\n\n\n\n<div class=\"wp-block-file\"><a href=\"http:\/\/geringeneer.de\/wp-content\/uploads\/2020\/03\/Teslameter.zip\">Teslameter Halterung 3D Druck<\/a><a href=\"http:\/\/geringeneer.de\/wp-content\/uploads\/2020\/03\/Teslameter.zip\" class=\"wp-block-file__button\" download>Herunterladen<\/a><\/div>\n\n\n\n<figure class=\"wp-block-image size-large\"><img loading=\"lazy\" decoding=\"async\" width=\"1024\" height=\"607\" src=\"http:\/\/geringeneer.de\/wp-content\/uploads\/2020\/03\/AF29B26B-DEEC-4BF5-9F41-2469E5FDDACC-1024x607.jpeg\" alt=\"\" class=\"wp-image-144\" srcset=\"http:\/\/geringeneer.de\/wp-content\/uploads\/2020\/03\/AF29B26B-DEEC-4BF5-9F41-2469E5FDDACC-1024x607.jpeg 1024w, http:\/\/geringeneer.de\/wp-content\/uploads\/2020\/03\/AF29B26B-DEEC-4BF5-9F41-2469E5FDDACC-300x178.jpeg 300w, http:\/\/geringeneer.de\/wp-content\/uploads\/2020\/03\/AF29B26B-DEEC-4BF5-9F41-2469E5FDDACC-768x455.jpeg 768w, http:\/\/geringeneer.de\/wp-content\/uploads\/2020\/03\/AF29B26B-DEEC-4BF5-9F41-2469E5FDDACC-1536x911.jpeg 1536w, http:\/\/geringeneer.de\/wp-content\/uploads\/2020\/03\/AF29B26B-DEEC-4BF5-9F41-2469E5FDDACC-2048x1215.jpeg 2048w\" sizes=\"auto, (max-width: 1024px) 100vw, 1024px\" \/><figcaption>Das vollst\u00e4ndige Teslameter mit Red Pitaya<\/figcaption><\/figure>\n","protected":false},"excerpt":{"rendered":"<p>Red Pitaya ist ein kleines, digitales und sehr vielseitig einsetzbares 2-Kanal Oszilloskop mit Funktionsgenerator und vielen Erweiterungsm\u00f6glichkeiten. Zur Bedienung braucht man lediglich ein beliebiges Ger\u00e4t mit Browser wie einen PC oder ein iPad. Statt mit einer Software oder App l\u00e4uft die Steuerung n\u00e4mlich \u00fcber eine auf dem Ger\u00e4t gehostete Webseite. Die daf\u00fcr notwendige Netzwerkverbindung wird <a class=\"more-link\" href=\"http:\/\/geringeneer.de\/?page_id=108\">Weiterlesen&#8230;<\/a><\/p>\n","protected":false},"author":1,"featured_media":0,"parent":80,"menu_order":0,"comment_status":"open","ping_status":"closed","template":"","meta":{"footnotes":""},"class_list":["post-108","page","type-page","status-publish","hentry"],"_links":{"self":[{"href":"http:\/\/geringeneer.de\/index.php?rest_route=\/wp\/v2\/pages\/108","targetHints":{"allow":["GET"]}}],"collection":[{"href":"http:\/\/geringeneer.de\/index.php?rest_route=\/wp\/v2\/pages"}],"about":[{"href":"http:\/\/geringeneer.de\/index.php?rest_route=\/wp\/v2\/types\/page"}],"author":[{"embeddable":true,"href":"http:\/\/geringeneer.de\/index.php?rest_route=\/wp\/v2\/users\/1"}],"replies":[{"embeddable":true,"href":"http:\/\/geringeneer.de\/index.php?rest_route=%2Fwp%2Fv2%2Fcomments&post=108"}],"version-history":[{"count":10,"href":"http:\/\/geringeneer.de\/index.php?rest_route=\/wp\/v2\/pages\/108\/revisions"}],"predecessor-version":[{"id":151,"href":"http:\/\/geringeneer.de\/index.php?rest_route=\/wp\/v2\/pages\/108\/revisions\/151"}],"up":[{"embeddable":true,"href":"http:\/\/geringeneer.de\/index.php?rest_route=\/wp\/v2\/pages\/80"}],"wp:attachment":[{"href":"http:\/\/geringeneer.de\/index.php?rest_route=%2Fwp%2Fv2%2Fmedia&parent=108"}],"curies":[{"name":"wp","href":"https:\/\/api.w.org\/{rel}","templated":true}]}}