{"id":40,"date":"2020-03-15T10:21:21","date_gmt":"2020-03-15T10:21:21","guid":{"rendered":"http:\/\/geringeneer.de\/?page_id=40"},"modified":"2020-04-13T16:20:48","modified_gmt":"2020-04-13T15:20:48","slug":"design-amp","status":"publish","type":"page","link":"http:\/\/geringeneer.de\/?page_id=40","title":{"rendered":"Design Amp"},"content":{"rendered":"\n<p>Elektronik ist viel zu sch\u00f6n um sie in schn\u00f6den Blechgeh\u00e4usen zu verstecken. Dieser Stereo-Vollverst\u00e4rker kommt ganz ohne Geh\u00e4use aus und bietet neben dem unterbauten Blick auf die Elektronik auch noch sch\u00f6ne Lichteffekte. Das Audiosignal kommt wahlweise \u00fcber Bluetooth oder Chinch. Befestigt wird der aus einer einzigen gro\u00dfen Platine bestehende Verst\u00e4rker per VESA-Halterung beispielsweise an der Wand.<\/p>\n\n\n\n<figure class=\"wp-block-image size-large\"><img loading=\"lazy\" decoding=\"async\" width=\"1024\" height=\"494\" src=\"http:\/\/geringeneer.de\/wp-content\/uploads\/2020\/03\/A07B0E56-40E8-4DD2-8C09-7FDE3FB8BC81-1024x494.jpeg\" alt=\"\" class=\"wp-image-7\" srcset=\"http:\/\/geringeneer.de\/wp-content\/uploads\/2020\/03\/A07B0E56-40E8-4DD2-8C09-7FDE3FB8BC81-1024x494.jpeg 1024w, http:\/\/geringeneer.de\/wp-content\/uploads\/2020\/03\/A07B0E56-40E8-4DD2-8C09-7FDE3FB8BC81-300x145.jpeg 300w, http:\/\/geringeneer.de\/wp-content\/uploads\/2020\/03\/A07B0E56-40E8-4DD2-8C09-7FDE3FB8BC81-768x371.jpeg 768w, http:\/\/geringeneer.de\/wp-content\/uploads\/2020\/03\/A07B0E56-40E8-4DD2-8C09-7FDE3FB8BC81-1536x742.jpeg 1536w, http:\/\/geringeneer.de\/wp-content\/uploads\/2020\/03\/A07B0E56-40E8-4DD2-8C09-7FDE3FB8BC81-2048x989.jpeg 2048w\" sizes=\"auto, (max-width: 1024px) 100vw, 1024px\" \/><\/figure>\n\n\n\n<p>Je nach Netzteil liefert der Verst\u00e4rker 50W-100W an 4Ohm. Der temperaturgeregelte und beleuchtete L\u00fcfter sorgt neben einem fl\u00fcsterleisen Betrieb auch noch f\u00fcr tolle Lichteffekte. Ganz im Retro-Trend visualisiert ein VU-Meter mit 40 LEDs die laufende Musik. <\/p>\n\n\n\n<figure class=\"wp-block-image size-large\"><img loading=\"lazy\" decoding=\"async\" width=\"1024\" height=\"608\" src=\"http:\/\/geringeneer.de\/wp-content\/uploads\/2020\/03\/6E51B1A5-252A-4546-8656-ABAE51CDD77E-1024x608.jpeg\" alt=\"\" class=\"wp-image-71\" srcset=\"http:\/\/geringeneer.de\/wp-content\/uploads\/2020\/03\/6E51B1A5-252A-4546-8656-ABAE51CDD77E-1024x608.jpeg 1024w, http:\/\/geringeneer.de\/wp-content\/uploads\/2020\/03\/6E51B1A5-252A-4546-8656-ABAE51CDD77E-300x178.jpeg 300w, http:\/\/geringeneer.de\/wp-content\/uploads\/2020\/03\/6E51B1A5-252A-4546-8656-ABAE51CDD77E-768x456.jpeg 768w, http:\/\/geringeneer.de\/wp-content\/uploads\/2020\/03\/6E51B1A5-252A-4546-8656-ABAE51CDD77E-1536x912.jpeg 1536w, http:\/\/geringeneer.de\/wp-content\/uploads\/2020\/03\/6E51B1A5-252A-4546-8656-ABAE51CDD77E-2048x1217.jpeg 2048w\" sizes=\"auto, (max-width: 1024px) 100vw, 1024px\" \/><\/figure>\n\n\n\n<p>Die beiden Verst\u00e4rker-ICs sind links und rechts an am speziell angefertigten K\u00fchler angeschlossen. Die ICs sind vom Typ TDA7293 und \u00fcberzeugen neben niedrigen Verzerrungen durch eingebauten Kurzschluss- \u00dcbertemperaturschutz sowie einen Clipping-Indikator. Rote LEDs auf der Platine melden das ansprechen einer der Schutzfunktionen oder Clipping.<\/p>\n\n\n\n<figure class=\"wp-block-image size-large\"><img loading=\"lazy\" decoding=\"async\" width=\"1024\" height=\"419\" src=\"http:\/\/geringeneer.de\/wp-content\/uploads\/2020\/03\/9D1B71CE-744E-4D46-9753-B5290A667D58-1024x419.jpeg\" alt=\"\" class=\"wp-image-195\" srcset=\"http:\/\/geringeneer.de\/wp-content\/uploads\/2020\/03\/9D1B71CE-744E-4D46-9753-B5290A667D58-1024x419.jpeg 1024w, http:\/\/geringeneer.de\/wp-content\/uploads\/2020\/03\/9D1B71CE-744E-4D46-9753-B5290A667D58-300x123.jpeg 300w, http:\/\/geringeneer.de\/wp-content\/uploads\/2020\/03\/9D1B71CE-744E-4D46-9753-B5290A667D58-768x314.jpeg 768w, http:\/\/geringeneer.de\/wp-content\/uploads\/2020\/03\/9D1B71CE-744E-4D46-9753-B5290A667D58-1536x628.jpeg 1536w, http:\/\/geringeneer.de\/wp-content\/uploads\/2020\/03\/9D1B71CE-744E-4D46-9753-B5290A667D58-2048x838.jpeg 2048w\" sizes=\"auto, (max-width: 1024px) 100vw, 1024px\" \/><\/figure>\n\n\n\n<p>Da die offene Platine keinen Ber\u00fchrungsschutz bietet, ist das Netzteil in einem separaten Geh\u00e4use untergebracht. Zudem muss das Netzteil die Anforderungen an Schutzklasse III \/ Schutz durch Kleinspannung erf\u00fcllen und die ausgegebene Gleichspannung darf 60V nicht \u00fcberschreiten. Auch hier wurden blaue LEDs im inneren des Geh\u00e4uses als Lichteffekt genutzt.<\/p>\n\n\n\n<figure class=\"wp-block-image size-large\"><img loading=\"lazy\" decoding=\"async\" width=\"1024\" height=\"594\" src=\"http:\/\/geringeneer.de\/wp-content\/uploads\/2020\/03\/A1FDDCB4-E736-4D9B-A736-E283F2EE819A-1024x594.jpeg\" alt=\"\" class=\"wp-image-72\" srcset=\"http:\/\/geringeneer.de\/wp-content\/uploads\/2020\/03\/A1FDDCB4-E736-4D9B-A736-E283F2EE819A-1024x594.jpeg 1024w, http:\/\/geringeneer.de\/wp-content\/uploads\/2020\/03\/A1FDDCB4-E736-4D9B-A736-E283F2EE819A-300x174.jpeg 300w, http:\/\/geringeneer.de\/wp-content\/uploads\/2020\/03\/A1FDDCB4-E736-4D9B-A736-E283F2EE819A-768x446.jpeg 768w, http:\/\/geringeneer.de\/wp-content\/uploads\/2020\/03\/A1FDDCB4-E736-4D9B-A736-E283F2EE819A-1536x891.jpeg 1536w, http:\/\/geringeneer.de\/wp-content\/uploads\/2020\/03\/A1FDDCB4-E736-4D9B-A736-E283F2EE819A-2048x1188.jpeg 2048w\" sizes=\"auto, (max-width: 1024px) 100vw, 1024px\" \/><\/figure>\n\n\n\n<p>Die gut zu erkennenden Massefl\u00e4chen haben alle ihren Ursprung in einem Sternpunkt zwischen den Lautsprecher-Klemmen. Das Bluetooth-Modul ist ein fertiges Modul, das auf der Platine befertigt wird. Dar\u00fcber befinden sich Vorverst\u00e4rker, Kanalwahlschalter und Lautst\u00e4rkeregler. Die f\u00fcnf ICs auf der linken Seite geh\u00f6ren zum VU-Meter. Oben links neben dem K\u00fchler befindet sich die L\u00fcfterregelung, die die Drehzahl anhand der K\u00fchlertemperatur regelt.<\/p>\n\n\n\n<figure class=\"wp-block-image size-large\"><img loading=\"lazy\" decoding=\"async\" width=\"1024\" height=\"540\" src=\"http:\/\/geringeneer.de\/wp-content\/uploads\/2020\/03\/BAC7C63F-811E-4A1E-A607-265A777A078C-1024x540.jpeg\" alt=\"\" class=\"wp-image-9\" srcset=\"http:\/\/geringeneer.de\/wp-content\/uploads\/2020\/03\/BAC7C63F-811E-4A1E-A607-265A777A078C-1024x540.jpeg 1024w, http:\/\/geringeneer.de\/wp-content\/uploads\/2020\/03\/BAC7C63F-811E-4A1E-A607-265A777A078C-300x158.jpeg 300w, http:\/\/geringeneer.de\/wp-content\/uploads\/2020\/03\/BAC7C63F-811E-4A1E-A607-265A777A078C-768x405.jpeg 768w, http:\/\/geringeneer.de\/wp-content\/uploads\/2020\/03\/BAC7C63F-811E-4A1E-A607-265A777A078C-1536x810.jpeg 1536w, http:\/\/geringeneer.de\/wp-content\/uploads\/2020\/03\/BAC7C63F-811E-4A1E-A607-265A777A078C-2048x1080.jpeg 2048w\" sizes=\"auto, (max-width: 1024px) 100vw, 1024px\" \/><\/figure>\n\n\n\n<p>Auf der rechten Seite befinden sich die Siebelkos, die sicherstellen dass auch bei hohen Lautst\u00e4rken immer genug Strom zur Verf\u00fcgung steht. Das Netzteil wird an die 3-fach Klemme darunter angeschlossen (symmetrische Spannungsversorgung). Unten mittig befindet sich ein DC\/DC Konverter, der die ankommende Gleichspannung fast verlustfrei auf 14V reduziert. Damit werden L\u00fcfter, VU-Meter und die Vorverst\u00e4rker versorgt.<\/p>\n\n\n\n<figure class=\"wp-block-image size-large\"><img loading=\"lazy\" decoding=\"async\" width=\"1024\" height=\"631\" src=\"http:\/\/geringeneer.de\/wp-content\/uploads\/2020\/03\/D95944B4-0436-43EF-BA1C-F486FF242A7F-1024x631.jpeg\" alt=\"\" class=\"wp-image-75\" srcset=\"http:\/\/geringeneer.de\/wp-content\/uploads\/2020\/03\/D95944B4-0436-43EF-BA1C-F486FF242A7F-1024x631.jpeg 1024w, http:\/\/geringeneer.de\/wp-content\/uploads\/2020\/03\/D95944B4-0436-43EF-BA1C-F486FF242A7F-300x185.jpeg 300w, http:\/\/geringeneer.de\/wp-content\/uploads\/2020\/03\/D95944B4-0436-43EF-BA1C-F486FF242A7F-768x473.jpeg 768w, http:\/\/geringeneer.de\/wp-content\/uploads\/2020\/03\/D95944B4-0436-43EF-BA1C-F486FF242A7F-1536x946.jpeg 1536w, http:\/\/geringeneer.de\/wp-content\/uploads\/2020\/03\/D95944B4-0436-43EF-BA1C-F486FF242A7F-2048x1262.jpeg 2048w\" sizes=\"auto, (max-width: 1024px) 100vw, 1024px\" \/><\/figure>\n\n\n\n<p>Auf der R\u00fcckseite sind die breiten Stromf\u00fchrenden Leiterbahnen zu erkennen. Die Klammer dient zur Nutzung des VESA-Standards und ist mit einem 3D Drucker hergestellt worden.<\/p>\n\n\n\n<figure class=\"wp-block-image size-large\"><img loading=\"lazy\" decoding=\"async\" width=\"1024\" height=\"553\" src=\"http:\/\/geringeneer.de\/wp-content\/uploads\/2020\/03\/38F56503-F2B3-479E-881B-EAF30EEA12FD-1024x553.jpeg\" alt=\"\" class=\"wp-image-74\" srcset=\"http:\/\/geringeneer.de\/wp-content\/uploads\/2020\/03\/38F56503-F2B3-479E-881B-EAF30EEA12FD-1024x553.jpeg 1024w, http:\/\/geringeneer.de\/wp-content\/uploads\/2020\/03\/38F56503-F2B3-479E-881B-EAF30EEA12FD-300x162.jpeg 300w, http:\/\/geringeneer.de\/wp-content\/uploads\/2020\/03\/38F56503-F2B3-479E-881B-EAF30EEA12FD-768x414.jpeg 768w, http:\/\/geringeneer.de\/wp-content\/uploads\/2020\/03\/38F56503-F2B3-479E-881B-EAF30EEA12FD-1536x829.jpeg 1536w, http:\/\/geringeneer.de\/wp-content\/uploads\/2020\/03\/38F56503-F2B3-479E-881B-EAF30EEA12FD-2048x1105.jpeg 2048w\" sizes=\"auto, (max-width: 1024px) 100vw, 1024px\" \/><\/figure>\n\n\n\n<p>In folgendem Video stelle ich den Verst\u00e4rker ebenfalls vor:<\/p>\n\n\n\n<figure class=\"wp-block-embed-youtube wp-block-embed is-type-video is-provider-youtube wp-embed-aspect-16-9 wp-has-aspect-ratio\"><div class=\"wp-block-embed__wrapper\">\n<iframe loading=\"lazy\" title=\"Design Amp - Ein Verst\u00e4rker ohne Geh\u00e4use\" width=\"780\" height=\"439\" src=\"https:\/\/www.youtube.com\/embed\/xzrRrn6HADE?feature=oembed\" frameborder=\"0\" allow=\"accelerometer; autoplay; encrypted-media; gyroscope; picture-in-picture\" allowfullscreen><\/iframe>\n<\/div><\/figure>\n","protected":false},"excerpt":{"rendered":"<p>Elektronik ist viel zu sch\u00f6n um sie in schn\u00f6den Blechgeh\u00e4usen zu verstecken. Dieser Stereo-Vollverst\u00e4rker kommt ganz ohne Geh\u00e4use aus und bietet neben dem unterbauten Blick auf die Elektronik auch noch sch\u00f6ne Lichteffekte. Das Audiosignal kommt wahlweise \u00fcber Bluetooth oder Chinch. Befestigt wird der aus einer einzigen gro\u00dfen Platine bestehende Verst\u00e4rker per VESA-Halterung beispielsweise an der <a class=\"more-link\" href=\"http:\/\/geringeneer.de\/?page_id=40\">Weiterlesen&#8230;<\/a><\/p>\n","protected":false},"author":1,"featured_media":8,"parent":34,"menu_order":0,"comment_status":"open","ping_status":"closed","template":"","meta":{"footnotes":""},"class_list":["post-40","page","type-page","status-publish","has-post-thumbnail","hentry"],"_links":{"self":[{"href":"http:\/\/geringeneer.de\/index.php?rest_route=\/wp\/v2\/pages\/40","targetHints":{"allow":["GET"]}}],"collection":[{"href":"http:\/\/geringeneer.de\/index.php?rest_route=\/wp\/v2\/pages"}],"about":[{"href":"http:\/\/geringeneer.de\/index.php?rest_route=\/wp\/v2\/types\/page"}],"author":[{"embeddable":true,"href":"http:\/\/geringeneer.de\/index.php?rest_route=\/wp\/v2\/users\/1"}],"replies":[{"embeddable":true,"href":"http:\/\/geringeneer.de\/index.php?rest_route=%2Fwp%2Fv2%2Fcomments&post=40"}],"version-history":[{"count":7,"href":"http:\/\/geringeneer.de\/index.php?rest_route=\/wp\/v2\/pages\/40\/revisions"}],"predecessor-version":[{"id":234,"href":"http:\/\/geringeneer.de\/index.php?rest_route=\/wp\/v2\/pages\/40\/revisions\/234"}],"up":[{"embeddable":true,"href":"http:\/\/geringeneer.de\/index.php?rest_route=\/wp\/v2\/pages\/34"}],"wp:featuredmedia":[{"embeddable":true,"href":"http:\/\/geringeneer.de\/index.php?rest_route=\/wp\/v2\/media\/8"}],"wp:attachment":[{"href":"http:\/\/geringeneer.de\/index.php?rest_route=%2Fwp%2Fv2%2Fmedia&parent=40"}],"curies":[{"name":"wp","href":"https:\/\/api.w.org\/{rel}","templated":true}]}}